{"id":50,"date":"2026-04-27T17:51:54","date_gmt":"2026-04-27T15:51:54","guid":{"rendered":"https:\/\/www.strankysdusi.cz\/?page_id=50"},"modified":"2026-04-27T19:23:53","modified_gmt":"2026-04-27T17:23:53","slug":"domaci-stranka","status":"publish","type":"page","link":"https:\/\/www.strankysdusi.cz\/?page_id=50","title":{"rendered":"Dom\u00e1c\u00ed str\u00e1nka"},"content":{"rendered":"\t\t<div data-elementor-type=\"wp-page\" data-elementor-id=\"50\" class=\"elementor elementor-50\">\n\t\t\t\t<div class=\"elementor-element elementor-element-e606b60 e-flex e-con-boxed e-con e-parent\" data-id=\"e606b60\" data-element_type=\"container\" data-e-type=\"container\" data-settings=\"{&quot;background_background&quot;:&quot;gradient&quot;}\">\n\t\t\t\t\t<div class=\"e-con-inner\">\n\t\t\t\t<div class=\"elementor-element elementor-element-2894469 elementor-widget__width-initial elementor-widget elementor-widget-heading\" data-id=\"2894469\" data-element_type=\"widget\" data-e-type=\"widget\" data-widget_type=\"heading.default\">\n\t\t\t\t\t<h1 class=\"elementor-heading-title elementor-size-default\">Postavte sv\u00e9 podnik\u00e1n\u00ed na pevn\u00fdch z\u00e1kladech.<br> Tvo\u0159\u00edm weby, kter\u00e9 maj\u00ed du\u0161i<\/h1>\t\t\t\t<\/div>\n\t\t\t\t<div class=\"elementor-element elementor-element-2098265 elementor-widget__width-initial elementor-widget elementor-widget-text-editor\" data-id=\"2098265\" data-element_type=\"widget\" data-e-type=\"widget\" data-widget_type=\"text-editor.default\">\n\t\t\t\t\t\t\t\t\t<p>Pom\u00e1h\u00e1m za\u010d\u00ednaj\u00edc\u00edm podnikatel\u016fm prom\u011bnit jejich vize ve skute\u010dnost. <br \/>Postar\u00e1m se o techniku, design i funk\u010dnost, abyste vy mohli v klidu tvo\u0159it.<\/p>\t\t\t\t\t\t\t\t<\/div>\n\t\t\t\t<div class=\"elementor-element elementor-element-9fdc0bb elementor-align-center elementor-widget elementor-widget-button\" data-id=\"9fdc0bb\" data-element_type=\"widget\" data-e-type=\"widget\" data-widget_type=\"button.default\">\n\t\t\t\t\t\t\t\t\t\t<a class=\"elementor-button elementor-button-link elementor-size-sm\" href=\"#\">\n\t\t\t\t\t\t<span class=\"elementor-button-content-wrapper\">\n\t\t\t\t\t\t\t\t\t<span class=\"elementor-button-text\">Chci web s du\u0161\u00ed<\/span>\n\t\t\t\t\t<\/span>\n\t\t\t\t\t<\/a>\n\t\t\t\t\t\t\t\t<\/div>\n\t\t\t\t\t<\/div>\n\t\t\t\t<\/div>\n\t\t<div class=\"elementor-element elementor-element-ed4050c e-flex e-con-boxed e-con e-parent\" data-id=\"ed4050c\" data-element_type=\"container\" data-e-type=\"container\">\n\t\t\t\t\t<div class=\"e-con-inner\">\n\t\t\t\t<div class=\"elementor-element elementor-element-03379cf elementor-widget__width-initial elementor-widget elementor-widget-heading\" data-id=\"03379cf\" data-element_type=\"widget\" data-e-type=\"widget\" data-widget_type=\"heading.default\">\n\t\t\t\t\t<h2 class=\"elementor-heading-title elementor-size-default\">Tak\u00e9 se ztr\u00e1c\u00edte v pojmech jako hosting, \u0161ablona a pluginy?<\/h2>\t\t\t\t<\/div>\n\t\t\t\t<div class=\"elementor-element elementor-element-26f2dfa elementor-widget__width-initial elementor-widget elementor-widget-text-editor\" data-id=\"26f2dfa\" data-element_type=\"widget\" data-e-type=\"widget\" data-widget_type=\"text-editor.default\">\n\t\t\t\t\t\t\t\t\t<p>V\u00edm, jak\u00e9 to je. M\u00e1te skv\u011bl\u00fd n\u00e1pad, ale technick\u00e1 str\u00e1nka v\u011bci v\u00e1s brzd\u00ed. Web by nem\u011bl b\u00fdt no\u010dn\u00ed m\u016fra, ale v\u00e1\u0161 nejlep\u0161\u00ed zam\u011bstnanec, kter\u00fd pracuje 24\/7.<\/p>\t\t\t\t\t\t\t\t<\/div>\n\t\t\t\t\t<\/div>\n\t\t\t\t<\/div>\n\t\t<div class=\"elementor-element elementor-element-e88dee6 e-flex e-con-boxed e-con e-parent\" data-id=\"e88dee6\" data-element_type=\"container\" data-e-type=\"container\" data-settings=\"{&quot;background_background&quot;:&quot;gradient&quot;}\">\n\t\t\t\t\t<div class=\"e-con-inner\">\n\t\t<div class=\"elementor-element elementor-element-5a7ae8b e-con-full e-flex e-con e-child\" data-id=\"5a7ae8b\" data-element_type=\"container\" data-e-type=\"container\">\n\t\t<div class=\"elementor-element elementor-element-87f9a01 e-con-full e-flex e-con e-child\" data-id=\"87f9a01\" data-element_type=\"container\" data-e-type=\"container\">\n\t\t\t\t<div class=\"elementor-element elementor-element-8e14f53 elementor-widget elementor-widget-image\" data-id=\"8e14f53\" data-element_type=\"widget\" data-e-type=\"widget\" data-widget_type=\"image.default\">\n\t\t\t\t\t\t\t\t\t\t\t\t\t\t\t<img decoding=\"async\" src=\"http:\/\/www.strankysdusi.cz\/wp-content\/uploads\/2026\/04\/Gemini_Generated_Image_b84vz9b84vz9b84v.png\" title=\"\" alt=\"\" loading=\"lazy\" \/>\t\t\t\t\t\t\t\t\t\t\t\t\t\t\t<\/div>\n\t\t\t\t<div class=\"elementor-element elementor-element-a399c2b elementor-widget elementor-widget-heading\" data-id=\"a399c2b\" data-element_type=\"widget\" data-e-type=\"widget\" data-widget_type=\"heading.default\">\n\t\t\t\t\t<h2 class=\"elementor-heading-title elementor-size-default\">Kompletn\u00ed realizace<\/h2>\t\t\t\t<\/div>\n\t\t\t\t<div class=\"elementor-element elementor-element-a08eaae elementor-widget elementor-widget-text-editor\" data-id=\"a08eaae\" data-element_type=\"widget\" data-e-type=\"widget\" data-widget_type=\"text-editor.default\">\n\t\t\t\t\t\t\t\t\t<p>Od registrace dom\u00e9ny a\u017e po spu\u0161t\u011bn\u00ed. Nemus\u00edte nic instalovat, ud\u011bl\u00e1m to za v\u00e1s.<\/p>\t\t\t\t\t\t\t\t<\/div>\n\t\t\t\t<\/div>\n\t\t<div class=\"elementor-element elementor-element-a9a8112 e-con-full e-flex e-con e-child\" data-id=\"a9a8112\" data-element_type=\"container\" data-e-type=\"container\">\n\t\t\t\t<div class=\"elementor-element elementor-element-a2e2832 elementor-widget elementor-widget-image\" data-id=\"a2e2832\" data-element_type=\"widget\" data-e-type=\"widget\" data-widget_type=\"image.default\">\n\t\t\t\t\t\t\t\t\t\t\t\t\t\t\t<img fetchpriority=\"high\" decoding=\"async\" width=\"1024\" height=\"1024\" src=\"https:\/\/www.strankysdusi.cz\/wp-content\/uploads\/2026\/04\/Gemini_Generated_Image_a9c5pva9c5pva9c5.png\" class=\"attachment-large size-large wp-image-79\" alt=\"\" srcset=\"https:\/\/www.strankysdusi.cz\/wp-content\/uploads\/2026\/04\/Gemini_Generated_Image_a9c5pva9c5pva9c5.png 1024w, https:\/\/www.strankysdusi.cz\/wp-content\/uploads\/2026\/04\/Gemini_Generated_Image_a9c5pva9c5pva9c5-300x300.png 300w, https:\/\/www.strankysdusi.cz\/wp-content\/uploads\/2026\/04\/Gemini_Generated_Image_a9c5pva9c5pva9c5-150x150.png 150w, https:\/\/www.strankysdusi.cz\/wp-content\/uploads\/2026\/04\/Gemini_Generated_Image_a9c5pva9c5pva9c5-768x768.png 768w\" sizes=\"(max-width: 1024px) 100vw, 1024px\" \/>\t\t\t\t\t\t\t\t\t\t\t\t\t\t\t<\/div>\n\t\t\t\t<div class=\"elementor-element elementor-element-df05daa elementor-widget elementor-widget-heading\" data-id=\"df05daa\" data-element_type=\"widget\" data-e-type=\"widget\" data-widget_type=\"heading.default\">\n\t\t\t\t\t<h2 class=\"elementor-heading-title elementor-size-default\">Design na m\u00edru<\/h2>\t\t\t\t<\/div>\n\t\t\t\t<div class=\"elementor-element elementor-element-471639e elementor-widget elementor-widget-text-editor\" data-id=\"471639e\" data-element_type=\"widget\" data-e-type=\"widget\" data-widget_type=\"text-editor.default\">\n\t\t\t\t\t\t\t\t\t<p>V\u00e1\u0161 web bude vypadat profesion\u00e1ln\u011b a odr\u00e1\u017eet va\u0161i osobnost (v\u010detn\u011b lad\u011bn\u00ed barev a font\u016f).<\/p>\t\t\t\t\t\t\t\t<\/div>\n\t\t\t\t<\/div>\n\t\t<div class=\"elementor-element elementor-element-edc75b1 e-con-full e-flex e-con e-child\" data-id=\"edc75b1\" data-element_type=\"container\" data-e-type=\"container\">\n\t\t\t\t<div class=\"elementor-element elementor-element-042393c elementor-widget elementor-widget-image\" data-id=\"042393c\" data-element_type=\"widget\" data-e-type=\"widget\" data-widget_type=\"image.default\">\n\t\t\t\t\t\t\t\t\t\t\t\t\t\t\t<img decoding=\"async\" width=\"1024\" height=\"1024\" src=\"https:\/\/www.strankysdusi.cz\/wp-content\/uploads\/2026\/04\/Gemini_Generated_Image_dvqqbpdvqqbpdvqq.png\" class=\"attachment-large size-large wp-image-80\" alt=\"\" srcset=\"https:\/\/www.strankysdusi.cz\/wp-content\/uploads\/2026\/04\/Gemini_Generated_Image_dvqqbpdvqqbpdvqq.png 1024w, https:\/\/www.strankysdusi.cz\/wp-content\/uploads\/2026\/04\/Gemini_Generated_Image_dvqqbpdvqqbpdvqq-300x300.png 300w, https:\/\/www.strankysdusi.cz\/wp-content\/uploads\/2026\/04\/Gemini_Generated_Image_dvqqbpdvqqbpdvqq-150x150.png 150w, https:\/\/www.strankysdusi.cz\/wp-content\/uploads\/2026\/04\/Gemini_Generated_Image_dvqqbpdvqqbpdvqq-768x768.png 768w\" sizes=\"(max-width: 1024px) 100vw, 1024px\" \/>\t\t\t\t\t\t\t\t\t\t\t\t\t\t\t<\/div>\n\t\t\t\t<div class=\"elementor-element elementor-element-4648cb9 elementor-widget elementor-widget-heading\" data-id=\"4648cb9\" data-element_type=\"widget\" data-e-type=\"widget\" data-widget_type=\"heading.default\">\n\t\t\t\t\t<h2 class=\"elementor-heading-title elementor-size-default\">P\u0159\u00e1telsk\u00fd k mobil\u016fm<\/h2>\t\t\t\t<\/div>\n\t\t\t\t<div class=\"elementor-element elementor-element-7cf0787 elementor-widget elementor-widget-text-editor\" data-id=\"7cf0787\" data-element_type=\"widget\" data-e-type=\"widget\" data-widget_type=\"text-editor.default\">\n\t\t\t\t\t\t\t\t\t<p>Je jedno, jestli si v\u00e1s z\u00e1kazn\u00edk prohl\u00ed\u017e\u00ed v tramvaji na mobilu nebo doma u po\u010d\u00edta\u010de.<\/p>\t\t\t\t\t\t\t\t<\/div>\n\t\t\t\t<\/div>\n\t\t<div class=\"elementor-element elementor-element-3c6d07e e-con-full e-flex e-con e-child\" data-id=\"3c6d07e\" data-element_type=\"container\" data-e-type=\"container\">\n\t\t\t\t<div class=\"elementor-element elementor-element-aa7dba1 elementor-widget elementor-widget-image\" data-id=\"aa7dba1\" data-element_type=\"widget\" data-e-type=\"widget\" data-widget_type=\"image.default\">\n\t\t\t\t\t\t\t\t\t\t\t\t\t\t\t<img decoding=\"async\" width=\"1024\" height=\"1024\" src=\"https:\/\/www.strankysdusi.cz\/wp-content\/uploads\/2026\/04\/Gemini_Generated_Image_yvnkfbyvnkfbyvnk.png\" class=\"attachment-large size-large wp-image-81\" alt=\"\" srcset=\"https:\/\/www.strankysdusi.cz\/wp-content\/uploads\/2026\/04\/Gemini_Generated_Image_yvnkfbyvnkfbyvnk.png 1024w, https:\/\/www.strankysdusi.cz\/wp-content\/uploads\/2026\/04\/Gemini_Generated_Image_yvnkfbyvnkfbyvnk-300x300.png 300w, https:\/\/www.strankysdusi.cz\/wp-content\/uploads\/2026\/04\/Gemini_Generated_Image_yvnkfbyvnkfbyvnk-150x150.png 150w, https:\/\/www.strankysdusi.cz\/wp-content\/uploads\/2026\/04\/Gemini_Generated_Image_yvnkfbyvnkfbyvnk-768x768.png 768w\" sizes=\"(max-width: 1024px) 100vw, 1024px\" \/>\t\t\t\t\t\t\t\t\t\t\t\t\t\t\t<\/div>\n\t\t\t\t<div class=\"elementor-element elementor-element-afb0dc7 elementor-widget elementor-widget-heading\" data-id=\"afb0dc7\" data-element_type=\"widget\" data-e-type=\"widget\" data-widget_type=\"heading.default\">\n\t\t\t\t\t<h2 class=\"elementor-heading-title elementor-size-default\">Nau\u010d\u00edm v\u00e1s to<\/h2>\t\t\t\t<\/div>\n\t\t\t\t<div class=\"elementor-element elementor-element-c519158 elementor-widget elementor-widget-text-editor\" data-id=\"c519158\" data-element_type=\"widget\" data-e-type=\"widget\" data-widget_type=\"text-editor.default\">\n\t\t\t\t\t\t\t\t\t<p>Nechci, abyste byli na mn\u011b z\u00e1visl\u00ed. Uk\u00e1\u017eu v\u00e1m, jak si sami vym\u011bn\u00edte fotku nebo nap\u00ed\u0161ete \u010dl\u00e1nek.<\/p>\t\t\t\t\t\t\t\t<\/div>\n\t\t\t\t<\/div>\n\t\t\t\t<\/div>\n\t\t\t\t<div class=\"elementor-element elementor-element-325ad1f elementor-widget__width-initial elementor-widget elementor-widget-text-editor\" data-id=\"325ad1f\" data-element_type=\"widget\" data-e-type=\"widget\" data-widget_type=\"text-editor.default\">\n\t\t\t\t\t\t\t\t\t<p><em>Jmenuji se Anna \u0160mikm\u00e1torov\u00e1 a v\u011b\u0159\u00edm, \u017ee ka\u017ed\u00fd projekt si zaslou\u017e\u00ed unik\u00e1tn\u00ed p\u0159\u00edstup. Nejsem jenom &#8218;klika\u010d&#8216; web\u016f. Jsem v\u00e1\u0161 par\u0165\u00e1k, kter\u00fd dohl\u00e9dne na to, aby v\u00e1\u0161 web nebyl jenom hezk\u00e1 vizitka, ale skute\u010dn\u00fd n\u00e1stroj pro v\u00e1\u0161 r\u016fst.<\/em><\/p>\t\t\t\t\t\t\t\t<\/div>\n\t\t\t\t\t<\/div>\n\t\t\t\t<\/div>\n\t\t<div class=\"elementor-element elementor-element-26e695c e-flex e-con-boxed e-con e-parent\" data-id=\"26e695c\" data-element_type=\"container\" data-e-type=\"container\">\n\t\t\t\t\t<div class=\"e-con-inner\">\n\t\t\t\t<div class=\"elementor-element elementor-element-315eaad elementor-widget elementor-widget-heading\" data-id=\"315eaad\" data-element_type=\"widget\" data-e-type=\"widget\" data-widget_type=\"heading.default\">\n\t\t\t\t\t<h2 class=\"elementor-heading-title elementor-size-default\">Poj\u010fme vdechnout va\u0161emu projektu \u017eivot<\/h2>\t\t\t\t<\/div>\n\t\t\t\t<div class=\"elementor-element elementor-element-cc3d96e eael-contact-form-7-button-align-left eael-contact-form-7-button-custom elementor-widget elementor-widget-eael-contact-form-7\" data-id=\"cc3d96e\" data-element_type=\"widget\" data-e-type=\"widget\" data-widget_type=\"eael-contact-form-7.default\">\n\t\t\t\t\t<div class=\"eael-contact-form-7-wrapper\">\n                <div class=\"eael-contact-form eael-contact-form-7 eael-contact-form-cc3d96e placeholder-show eael-contact-form-align-default\">\n<div class=\"wpcf7 no-js\" id=\"wpcf7-f74-o1\" lang=\"cs-CZ\" dir=\"ltr\" data-wpcf7-id=\"74\">\n<div class=\"screen-reader-response\"><p role=\"status\" aria-live=\"polite\" aria-atomic=\"true\"><\/p> <ul><\/ul><\/div>\n<form action=\"\/index.php?rest_route=%2Fwp%2Fv2%2Fpages%2F50#wpcf7-f74-o1\" method=\"post\" class=\"wpcf7-form init\" aria-label=\"Kontaktn\u00ed formul\u00e1\u0159\" novalidate=\"novalidate\" data-status=\"init\">\n<fieldset class=\"hidden-fields-container\"><input type=\"hidden\" name=\"_wpcf7\" value=\"74\" \/><input type=\"hidden\" name=\"_wpcf7_version\" value=\"6.1.5\" \/><input type=\"hidden\" name=\"_wpcf7_locale\" value=\"cs_CZ\" \/><input type=\"hidden\" name=\"_wpcf7_unit_tag\" value=\"wpcf7-f74-o1\" \/><input type=\"hidden\" name=\"_wpcf7_container_post\" value=\"0\" \/><input type=\"hidden\" name=\"_wpcf7_posted_data_hash\" value=\"\" \/>\n<\/fieldset>\n<p><label> Va\u0161e jm\u00e9no<br \/>\n<span class=\"wpcf7-form-control-wrap\" data-name=\"your-name\"><input size=\"40\" maxlength=\"400\" class=\"wpcf7-form-control wpcf7-text wpcf7-validates-as-required\" autocomplete=\"name\" aria-required=\"true\" aria-invalid=\"false\" value=\"\" type=\"text\" name=\"your-name\" \/><\/span> <\/label>\n<\/p>\n<p><label> V\u00e1\u0161 e-mail<br \/>\n<span class=\"wpcf7-form-control-wrap\" data-name=\"your-email\"><input size=\"40\" maxlength=\"400\" class=\"wpcf7-form-control wpcf7-email wpcf7-validates-as-required wpcf7-text wpcf7-validates-as-email\" autocomplete=\"email\" aria-required=\"true\" aria-invalid=\"false\" value=\"\" type=\"email\" name=\"your-email\" \/><\/span> <\/label>\n<\/p>\n<p><label> P\u0159edm\u011bt<br \/>\n<span class=\"wpcf7-form-control-wrap\" data-name=\"your-subject\"><input size=\"40\" maxlength=\"400\" class=\"wpcf7-form-control wpcf7-text wpcf7-validates-as-required\" aria-required=\"true\" aria-invalid=\"false\" value=\"\" type=\"text\" name=\"your-subject\" \/><\/span> <\/label>\n<\/p>\n<p><label> Va\u0161e zpr\u00e1va (voliteln\u00fd)<br \/>\n<span class=\"wpcf7-form-control-wrap\" data-name=\"your-message\"><textarea cols=\"40\" rows=\"10\" maxlength=\"2000\" class=\"wpcf7-form-control wpcf7-textarea\" aria-invalid=\"false\" name=\"your-message\"><\/textarea><\/span> <\/label>\n<\/p>\n<p><input class=\"wpcf7-form-control wpcf7-submit has-spinner\" type=\"submit\" value=\"Odeslat\" \/>\n<\/p><div class=\"wpcf7-response-output\" aria-hidden=\"true\"><\/div>\n<\/form>\n<\/div>\n<\/div>\n            <\/div>\t\t\t\t<\/div>\n\t\t\t\t\t<\/div>\n\t\t\t\t<\/div>\n\t\t\t\t<\/div>\n\t\t","protected":false},"excerpt":{"rendered":"<p>Postavte sv\u00e9 podnik\u00e1n\u00ed na pevn\u00fdch z\u00e1kladech. Tvo\u0159\u00edm weby, kter\u00e9 maj\u00ed du\u0161i Pom\u00e1h\u00e1m za\u010d\u00ednaj\u00edc\u00edm podnikatel\u016fm prom\u011bnit jejich vize ve skute\u010dnost. Postar\u00e1m [&hellip;]<\/p>\n","protected":false},"author":1,"featured_media":0,"parent":0,"menu_order":0,"comment_status":"closed","ping_status":"closed","template":"","meta":{"site-sidebar-layout":"no-sidebar","site-content-layout":"","ast-site-content-layout":"full-width-container","site-content-style":"default","site-sidebar-style":"default","ast-global-header-display":"","ast-banner-title-visibility":"","ast-main-header-display":"","ast-hfb-above-header-display":"","ast-hfb-below-header-display":"","ast-hfb-mobile-header-display":"","site-post-title":"disabled","ast-breadcrumbs-content":"","ast-featured-img":"disabled","footer-sml-layout":"","ast-disable-related-posts":"","theme-transparent-header-meta":"","adv-header-id-meta":"","stick-header-meta":"","header-above-stick-meta":"","header-main-stick-meta":"","header-below-stick-meta":"","astra-migrate-meta-layouts":"default","ast-page-background-enabled":"default","ast-page-background-meta":{"desktop":{"background-color":"var(--ast-global-color-5)","background-image":"","background-repeat":"repeat","background-position":"center center","background-size":"auto","background-attachment":"scroll","background-type":"","background-media":"","overlay-type":"","overlay-color":"","overlay-opacity":"","overlay-gradient":""},"tablet":{"background-color":"","background-image":"","background-repeat":"repeat","background-position":"center center","background-size":"auto","background-attachment":"scroll","background-type":"","background-media":"","overlay-type":"","overlay-color":"","overlay-opacity":"","overlay-gradient":""},"mobile":{"background-color":"","background-image":"","background-repeat":"repeat","background-position":"center center","background-size":"auto","background-attachment":"scroll","background-type":"","background-media":"","overlay-type":"","overlay-color":"","overlay-opacity":"","overlay-gradient":""}},"ast-content-background-meta":{"desktop":{"background-color":"var(--ast-global-color-4)","background-image":"","background-repeat":"repeat","background-position":"center center","background-size":"auto","background-attachment":"scroll","background-type":"","background-media":"","overlay-type":"","overlay-color":"","overlay-opacity":"","overlay-gradient":""},"tablet":{"background-color":"var(--ast-global-color-4)","background-image":"","background-repeat":"repeat","background-position":"center center","background-size":"auto","background-attachment":"scroll","background-type":"","background-media":"","overlay-type":"","overlay-color":"","overlay-opacity":"","overlay-gradient":""},"mobile":{"background-color":"var(--ast-global-color-4)","background-image":"","background-repeat":"repeat","background-position":"center center","background-size":"auto","background-attachment":"scroll","background-type":"","background-media":"","overlay-type":"","overlay-color":"","overlay-opacity":"","overlay-gradient":""}},"footnotes":""},"class_list":["post-50","page","type-page","status-publish","hentry"],"_links":{"self":[{"href":"https:\/\/www.strankysdusi.cz\/index.php?rest_route=\/wp\/v2\/pages\/50","targetHints":{"allow":["GET"]}}],"collection":[{"href":"https:\/\/www.strankysdusi.cz\/index.php?rest_route=\/wp\/v2\/pages"}],"about":[{"href":"https:\/\/www.strankysdusi.cz\/index.php?rest_route=\/wp\/v2\/types\/page"}],"author":[{"embeddable":true,"href":"https:\/\/www.strankysdusi.cz\/index.php?rest_route=\/wp\/v2\/users\/1"}],"replies":[{"embeddable":true,"href":"https:\/\/www.strankysdusi.cz\/index.php?rest_route=%2Fwp%2Fv2%2Fcomments&post=50"}],"version-history":[{"count":62,"href":"https:\/\/www.strankysdusi.cz\/index.php?rest_route=\/wp\/v2\/pages\/50\/revisions"}],"predecessor-version":[{"id":122,"href":"https:\/\/www.strankysdusi.cz\/index.php?rest_route=\/wp\/v2\/pages\/50\/revisions\/122"}],"wp:attachment":[{"href":"https:\/\/www.strankysdusi.cz\/index.php?rest_route=%2Fwp%2Fv2%2Fmedia&parent=50"}],"curies":[{"name":"wp","href":"https:\/\/api.w.org\/{rel}","templated":true}]}}